{"id":9,"date":"2019-05-24T18:38:08","date_gmt":"2019-05-24T18:38:08","guid":{"rendered":"http:\/\/javierandreu.es\/?page_id=9"},"modified":"2019-05-25T08:23:20","modified_gmt":"2019-05-25T08:23:20","slug":"servicios-profesionales","status":"publish","type":"page","link":"https:\/\/javierandreu.es\/?page_id=9","title":{"rendered":"Servicios profesionales"},"content":{"rendered":"\n<p>Realizo presupuestos sin compromiso en cada caso.<\/p>\n\n\n\n<p>A continuaci\u00f3n le explico en qu\u00e9 consisten cada uno de ellos.<\/p>\n\n\n\n<p>A) <strong>Tasaci\u00f3n de obras de arte y antig\u00fcedades<\/strong>.<\/p>\n\n\n\n<p><strong>Estudio t\u00e9cnico estad\u00edstico<\/strong> pormenorizado para la determinaci\u00f3n del valor de mercado de la obra\nart\u00edstica, bas\u00e1ndome en precios de remate en subastas, as\u00ed como en la tendencia\nde la cotizaci\u00f3n del artista.<\/p>\n\n\n\n<p><strong>Elaboraci\u00f3n de un informe profesional<\/strong> con valor legal y firmado como Perito Tasador Judicial de obras de Arte,\nque le sirve para la puesta en valor de la obra de Arte ante Hacienda para el\npago de tributos, Bancos, Aseguradoras, Galer\u00edas de Arte, compraventa, divisi\u00f3n\nde herencias, tribunales de Justicia, etc.<\/p>\n\n\n\n<p>Para tasar obras de Arte me desplazo al lugar donde est\u00e1n depositadas para realizar la inspecci\u00f3n ocular, y de este modo, medirlas, reconocer la firma u otros signos (firma en reverso, fecha, anotaciones&#8230;), verificar la t\u00e9cnica art\u00edstica (\u00f3leo, bronce, acuarela&#8230;), fotografiar la obra y todo detalle de inter\u00e9s, verificar certificados de autenticidad y poder con toda esta informaci\u00f3n, recopilar los valores de venta tanto en Espa\u00f1a como en el extranjero de cada artista; posteriormente los someto a un complejo tratamiento estad\u00edstico y obtengo un valor de tasaci\u00f3n de mercado.<\/p>\n\n\n\n<p>Para una mayor comprensi\u00f3n del <strong>valor o precio de\nmercado<\/strong> de una obra de arte, tomar\u00e9 la definici\u00f3n de Llu\u00eds Pe\u00f1uelas i\nReixach en su obra \u00abValor de mercado y obras de arte\u00bb (2005):<\/p>\n\n\n\n<p>\u00abEs la cantidad probable de dinero por la que\nse transmitir\u00eda la propiedad del bien en una venta hipot\u00e9tica referida a una\nfecha, lugar y nivel de mercado determinados, suponiendo que el vendedor y el\ncomprador sean sujetos independientes, no tengan un especial inter\u00e9s ni\nurgencia ni obligaci\u00f3n de vender o comprar y posean un conocimiento razonable\ndel mercado y del bien\u00bb.<\/p>\n\n\n\n<p>En definitiva, para realizar la tasaci\u00f3n, es\nnecesario tener conocimiento de las siguientes cuestiones, <\/p>\n\n\n\n<p>1) Localidad donde se encuentran depositadas para\npoder examinarlas.<\/p>\n\n\n\n<p>2) Fotos digitales de los cuadros y las firmas, de\ncierta calidad y resoluci\u00f3n.<\/p>\n\n\n\n<p>3) Medidas (alto x ancho) y t\u00e9cnica (\u00f3leo, dibujo,\nm\u00e1rmol, etc.).<\/p>\n\n\n\n<p>4) Procedencia (herencia, compra en galer\u00eda, etc.).\nLa documentaci\u00f3n completa de expertizaci\u00f3n, an\u00e1lisis f\u00edsico-qu\u00edmicos (rayos X,\nan\u00e1lisis de pigmentos&#8230;). De no tener realizados estudios y an\u00e1lisis m\u00e1s\ncompletos la consideraci\u00f3n de las autor\u00edas de las obras de arte serian a nivel\nde atribuciones o escuelas pict\u00f3ricas y nunca como originales de los artistas.<\/p>\n\n\n\n<p>5) Los datos de contacto completos del propietario\nde la obra de arte para la cumplimentaci\u00f3n y firma de un encargo profesional de\ntasaci\u00f3n donde se especificar\u00edan, el precio, provisi\u00f3n de fondos, finalidad\n(p\u00f3liza de seguros, venta, herencia, donaci\u00f3n,&#8230;), plazo de realizaci\u00f3n, etc.<\/p>\n\n\n\n<p>B) <strong>Asesoramiento en Expertizaci\u00f3n<\/strong>.<\/p>\n\n\n\n<p>La expertizaci\u00f3n, trata de concretar la\nautenticidad, originalidad y autor\u00eda de una obra de arte.<\/p>\n\n\n\n<p>La existencia o no de un certificado expedido por un\nhistoriador de prestigio entendido en la obra de un artista determinado,\nmarcar\u00e1 necesariamente los pasos a seguir; su existencia nos delimita\nclaramente a qu\u00e9 \u00e9poca, artista o escuela pertenece el objeto art\u00edstico. Por el\ncontrario, la falta de certificado de autenticidad nos aboca a la b\u00fasqueda de\nlos expertos u organismos certificadores en cada caso concreto.<\/p>\n\n\n\n<p>La posibilidad m\u00e1s com\u00fan puede ser la ausencia de dicha documentaci\u00f3n, en cuyo caso y como experto en Arte, puedo aconsejar al propietario de la obra para que se realicen los convenientes an\u00e1lisis cient\u00edficos e hist\u00f3ricos para contextualizarla convenientemente. De no tener realizados estos estudios y an\u00e1lisis completos,\u00a0la consideraci\u00f3n de las autor\u00edas de las obras de arte seria a nivel de escuelas pict\u00f3ricas y nunca como originales de los artistas, ya que las expertizaciones las realizan profesionales reputados especialistas en la obra de los autores que nos ocupan.<\/p>\n\n\n\n<p>Ofrezco mis conocimientos como historiador del arte\npara asesorar y conseguir el trabajo profesional del mejor experto en cada\ncaso, para la elaboraci\u00f3n de informes sobre la historia propia de la obra en\ncuesti\u00f3n y su representatividad tanto en su contexto hist\u00f3rico como dentro de\nla producci\u00f3n del artista, la biograf\u00eda del artista, la iconograf\u00eda, comentario\nest\u00e9tico, bibliograf\u00eda, trabajo fotogr\u00e1fico y an\u00e1lisis t\u00e9cnicos y cient\u00edficos\n(rayos X, an\u00e1lisis de pigmentos&#8230;) para la autentificaci\u00f3n del artista y\/o de\nla propia obra.<\/p>\n\n\n\n<p>He ofrecido asesoramiento en artistas como:  Pinazo, Goya, Picasso, Ribalta, Parmigianino, Rubens, Isidre Nonell, etc.<\/p>\n\n\n\n<p>El compromiso de realizaci\u00f3n de este trabajo se\nplasma en la cumplimentaci\u00f3n y firma de un encargo profesional.<\/p>\n\n\n\n<p>C) <strong>Asesoramiento en compraventa de arte<\/strong>.<\/p>\n\n\n\n<p>Mi aquilatada\nexperiencia profesional en este \u00e1mbito, ha propiciado la creaci\u00f3n y\nconsolidaci\u00f3n de una importante cartera propia de clientes, coleccionistas y\nprofesionales del arte, en Espa\u00f1a y el extranjero.<\/p>\n\n\n\n<p>Para asesorar al\ncoleccionista en la compra de arte siempre se ha de respetar en todo momento\nsus gustos est\u00e9ticos, buscando al mismo tiempo, la mayor rentabilidad econ\u00f3mica\nde su inversi\u00f3n.<\/p>\n\n\n\n<p>En caso de venta,\nse aconseja al coleccionista la mejor coyuntura del mercado del arte para\nrealizarla.; tambi\u00e9n los cauces y agentes del mercado art\u00edstico (galer\u00edas,\nmarchantes, subastas, etc.), que sean los m\u00e1s adecuados para concretar una\nventa r\u00e1pida y rentable para sus intereses.<\/p>\n\n\n\n<p>Dentro de esta\nasesor\u00eda se incluye la legal y fiscal, asociadas ambas, a la compraventa y\notras actividades que desarrollan los coleccionistas en el mercado del arte.<\/p>\n\n\n\n<p>D) <strong>Restauraci\u00f3n de obras de arte y antig\u00fcedades.<\/strong><\/p>\n\n\n\n<p>Cuento con un amplio equipo experto en restauraci\u00f3n de arte que ofrece un servicio de calidad a precios muy competitivos.<\/p>\n\n\n\n<p>Este equipo se compone de profesionales de gran prestigio,  abarcando un amplio campo de actuaci\u00f3n: papel, metal, lienzos, escultura, etc.<\/p>\n\n\n\n<p><\/p>\n","protected":false},"excerpt":{"rendered":"<p>Realizo presupuestos sin compromiso en cada caso. A continuaci\u00f3n le explico en qu\u00e9 consisten cada uno de ellos. A) Tasaci\u00f3n de obras de arte y antig\u00fcedades. Estudio t\u00e9cnico estad\u00edstico pormenorizado para la determinaci\u00f3n del valor de mercado de la obra art\u00edstica, bas\u00e1ndome en precios de remate en subastas, as\u00ed como en la tendencia de la &hellip; <\/p>\n<p class=\"link-more\"><a href=\"https:\/\/javierandreu.es\/?page_id=9\" class=\"more-link\">Continuar leyendo<span class=\"screen-reader-text\"> \u00abServicios profesionales\u00bb<\/span><\/a><\/p>\n","protected":false},"author":1,"featured_media":0,"parent":0,"menu_order":0,"comment_status":"closed","ping_status":"closed","template":"","meta":{"footnotes":""},"class_list":["post-9","page","type-page","status-publish","hentry"],"_links":{"self":[{"href":"https:\/\/javierandreu.es\/index.php?rest_route=\/wp\/v2\/pages\/9","targetHints":{"allow":["GET"]}}],"collection":[{"href":"https:\/\/javierandreu.es\/index.php?rest_route=\/wp\/v2\/pages"}],"about":[{"href":"https:\/\/javierandreu.es\/index.php?rest_route=\/wp\/v2\/types\/page"}],"author":[{"embeddable":true,"href":"https:\/\/javierandreu.es\/index.php?rest_route=\/wp\/v2\/users\/1"}],"replies":[{"embeddable":true,"href":"https:\/\/javierandreu.es\/index.php?rest_route=%2Fwp%2Fv2%2Fcomments&post=9"}],"version-history":[{"count":3,"href":"https:\/\/javierandreu.es\/index.php?rest_route=\/wp\/v2\/pages\/9\/revisions"}],"predecessor-version":[{"id":39,"href":"https:\/\/javierandreu.es\/index.php?rest_route=\/wp\/v2\/pages\/9\/revisions\/39"}],"wp:attachment":[{"href":"https:\/\/javierandreu.es\/index.php?rest_route=%2Fwp%2Fv2%2Fmedia&parent=9"}],"curies":[{"name":"wp","href":"https:\/\/api.w.org\/{rel}","templated":true}]}}